{"id":350,"date":"2023-02-06T23:19:49","date_gmt":"2023-02-06T22:19:49","guid":{"rendered":"https:\/\/babu.valo139.net\/?page_id=350"},"modified":"2023-11-26T15:26:29","modified_gmt":"2023-11-26T14:26:29","slug":"etappe-4","status":"publish","type":"page","link":"https:\/\/babu.valo139.net\/?page_id=350","title":{"rendered":"Etappe 4"},"content":{"rendered":"\t\t<div data-elementor-type=\"wp-page\" data-elementor-id=\"350\" class=\"elementor elementor-350\">\n\t\t\t\t\t\t<section class=\"elementor-section elementor-top-section elementor-element elementor-element-15659904 elementor-reverse-mobile elementor-section-content-middle elementor-section-stretched elementor-reverse-tablet elementor-section-boxed elementor-section-height-default elementor-section-height-default\" data-id=\"15659904\" data-element_type=\"section\" data-settings=\"{&quot;stretch_section&quot;:&quot;section-stretched&quot;}\">\n\t\t\t\t\t\t<div class=\"elementor-container elementor-column-gap-no\">\n\t\t\t\t\t<div class=\"elementor-column elementor-col-50 elementor-top-column elementor-element elementor-element-a8d3b61\" data-id=\"a8d3b61\" data-element_type=\"column\" data-settings=\"{&quot;background_background&quot;:&quot;classic&quot;}\">\n\t\t\t<div class=\"elementor-widget-wrap elementor-element-populated\">\n\t\t\t\t\t\t<div class=\"elementor-element elementor-element-19929ea elementor-widget elementor-widget-html\" data-id=\"19929ea\" data-element_type=\"widget\" data-widget_type=\"html.default\">\n\t\t\t\t<div class=\"elementor-widget-container\">\n\t\t\t<iframe src=\"https:\/\/www.komoot.de\/tour\/1025489461\/embed?share_token=ataN83MOqjysP4EExmXTYqcMR8yST16rQMolsgPscLY39w53J5&amp;profile=1\" width=\"100%\" height=\"700\" frameborder=\"0\" scrolling=\"no\"><\/iframe>\t\t<\/div>\n\t\t\t\t<\/div>\n\t\t\t\t\t<\/div>\n\t\t<\/div>\n\t\t\t\t<div class=\"elementor-column elementor-col-50 elementor-top-column elementor-element elementor-element-625e9ccd\" data-id=\"625e9ccd\" data-element_type=\"column\">\n\t\t\t<div class=\"elementor-widget-wrap elementor-element-populated\">\n\t\t\t\t\t\t<div class=\"elementor-element elementor-element-4886dfd1 elementor-widget elementor-widget-heading\" data-id=\"4886dfd1\" data-element_type=\"widget\" data-widget_type=\"heading.default\">\n\t\t\t\t<div class=\"elementor-widget-container\">\n\t\t\t<style>\/*! elementor - v3.21.0 - 26-05-2024 *\/\n.elementor-heading-title{padding:0;margin:0;line-height:1}.elementor-widget-heading .elementor-heading-title[class*=elementor-size-]>a{color:inherit;font-size:inherit;line-height:inherit}.elementor-widget-heading .elementor-heading-title.elementor-size-small{font-size:15px}.elementor-widget-heading .elementor-heading-title.elementor-size-medium{font-size:19px}.elementor-widget-heading .elementor-heading-title.elementor-size-large{font-size:29px}.elementor-widget-heading .elementor-heading-title.elementor-size-xl{font-size:39px}.elementor-widget-heading .elementor-heading-title.elementor-size-xxl{font-size:59px}<\/style><h1 class=\"elementor-heading-title elementor-size-default\">Etappe 4<\/h1>\t\t<\/div>\n\t\t\t\t<\/div>\n\t\t\t\t<div class=\"elementor-element elementor-element-43c781e8 elementor-widget__width-auto elementor-absolute elementor-widget-tablet__width-inherit elementor-hidden-mobile elementor-hidden-tablet elementor-view-default elementor-invisible elementor-widget elementor-widget-icon\" data-id=\"43c781e8\" data-element_type=\"widget\" data-settings=\"{&quot;_position&quot;:&quot;absolute&quot;,&quot;_animation&quot;:&quot;swing&quot;,&quot;_animation_delay&quot;:&quot;800&quot;}\" data-widget_type=\"icon.default\">\n\t\t\t\t<div class=\"elementor-widget-container\">\n\t\t\t\t\t<div class=\"elementor-icon-wrapper\">\n\t\t\t<div class=\"elementor-icon\">\n\t\t\t<svg xmlns=\"http:\/\/www.w3.org\/2000\/svg\" id=\"e5f413a8-331c-4d5a-b02a-4e3130e12e8d\" data-name=\"Layer 1\" width=\"176\" height=\"41\" viewBox=\"0 0 176 41\"><path d=\"M175.9544,18.1649c-.8881-3.7026-1.9641-7.4-3.1976-10.99A1.4728,1.4728,0,0,0,171.4762,6.13a1.0487,1.0487,0,0,0-.3278.0545,1.579,1.579,0,0,0-.8937.7861,1.08,1.08,0,0,0-.07.8284c.4013,1.1678.8153,2.4511,1.2654,3.9232l.6907,2.2574-1.777-1.5218C160.71,4.1917,147.1586,0,130.0875,0q-1.0949,0-2.1856.0228a161.1146,161.1146,0,0,0-25.3,2.6887c-3.9314.7063-8.9852,1.86-13.2,4.5334-.4405.2784-.8769.5794-1.2974.8944l-.263.1961-.315-.0855a44.078,44.078,0,0,0-9.8621-1.2735c-1.1128-.04-2.2439-.0594-3.3623-.0594A100.5459,100.5459,0,0,0,51.4133,9.6024,103.5786,103.5786,0,0,0,4.9875,34.16C3.4448,35.5787,1.8963,37.1013.3823,38.6848a1.2037,1.2037,0,0,0-.2782,1.37A1.4975,1.4975,0,0,0,1.3911,41a1.1546,1.1546,0,0,0,.8433-.4028A100.7494,100.7494,0,0,1,43.42,14.6413,99.2143,99.2143,0,0,1,67.3373,9.8531c2.391-.1709,4.7572-.2588,7.0323-.2588,1.7722,0,3.5341.0529,5.236.157a43.7739,43.7739,0,0,1,4.6629.5135l1.1767.1994-.7691.9294a17.5985,17.5985,0,0,0-3.132,5.5368,12.1715,12.1715,0,0,0,1.7132,11.4033,10.7139,10.7139,0,0,0,8.2753,4.3919,8.3441,8.3441,0,0,0,1.16-.0805,8.8123,8.8123,0,0,0,7.0339-6.3572,13.6928,13.6928,0,0,0-.9129-9.919A14.3885,14.3885,0,0,0,92.0786,10l-1.1807-.6031,1.1687-.6273a32.2193,32.2193,0,0,1,8.2745-2.88A140.3017,140.3017,0,0,1,123.873,2.8555c2.1831-.1156,4.3175-.1733,6.344-.1733,15.4651,0,27.4153,3.3486,36.5332,10.2363.8305.6267,1.6787,1.3371,2.5916,2.1712l1.6915,1.5453-7.8476-1.2084a2.1749,2.1749,0,0,0-.3182-.0244,1.3161,1.3161,0,0,0-1.3749.9154,1.7155,1.7155,0,0,0,.2429,1.2524.8683.8683,0,0,0,.5916.4118l11.9318,1.8375a2.9193,2.9193,0,0,0,.43.0358,1.206,1.206,0,0,0,.9312-.3646A1.3863,1.3863,0,0,0,175.9544,18.1649Zm-78.7277,1.442A9.4308,9.4308,0,0,1,96.02,27.8658,7.671,7.671,0,0,1,94.74,29.06a5.8657,5.8657,0,0,1-2.1079.8976,5.3266,5.3266,0,0,1-1.0856.11,7.0411,7.0411,0,0,1-3.304-.8919,9.0994,9.0994,0,0,1-4.7739-8.44,13.7967,13.7967,0,0,1,4.6485-9.1386l.3053-.29.3925.1456a18.5114,18.5114,0,0,1,2.0129.8692C94.2433,14.0717,96.3961,16.5227,97.2267,19.6069Z\" transform=\"translate(0)\" style=\"fill-rule:evenodd\"><\/path><\/svg>\t\t\t<\/div>\n\t\t<\/div>\n\t\t\t\t<\/div>\n\t\t\t\t<\/div>\n\t\t\t\t<div class=\"elementor-element elementor-element-4fad80a1 elementor-widget elementor-widget-heading\" data-id=\"4fad80a1\" data-element_type=\"widget\" data-widget_type=\"heading.default\">\n\t\t\t\t<div class=\"elementor-widget-container\">\n\t\t\t<p class=\"elementor-heading-title elementor-size-default\">Wir folgen weiter dem Mittelrheintal und seinen Ausl\u00e4ufern bis nach Bonn. In dieser Etappe fahren wir fast durchg\u00e4ngig an sch\u00f6nen Rheinpromenaden. Nach Bonn geht es teils am Rhein, teils \u00fcber Felder bis zum Camping Stadt K\u00f6ln bei K\u00f6ln. Hier machen wir eine <i>Verschnaufpause<\/i>.<\/p>\t\t<\/div>\n\t\t\t\t<\/div>\n\t\t\t\t\t<\/div>\n\t\t<\/div>\n\t\t\t\t\t<\/div>\n\t\t<\/section>\n\t\t\t\t<section class=\"elementor-section elementor-top-section elementor-element elementor-element-772b347d elementor-section-boxed elementor-section-height-default elementor-section-height-default\" data-id=\"772b347d\" data-element_type=\"section\">\n\t\t\t\t\t\t<div class=\"elementor-container elementor-column-gap-default\">\n\t\t\t\t\t<div class=\"elementor-column elementor-col-100 elementor-top-column elementor-element elementor-element-1c00e0a8\" data-id=\"1c00e0a8\" data-element_type=\"column\">\n\t\t\t<div class=\"elementor-widget-wrap elementor-element-populated\">\n\t\t\t\t\t\t<div class=\"elementor-element elementor-element-7e088454 elementor-widget elementor-widget-heading\" data-id=\"7e088454\" data-element_type=\"widget\" data-widget_type=\"heading.default\">\n\t\t\t\t<div class=\"elementor-widget-container\">\n\t\t\t<h2 class=\"elementor-heading-title elementor-size-default\">Bildergalerie<\/h2>\t\t<\/div>\n\t\t\t\t<\/div>\n\t\t\t\t<div class=\"elementor-element elementor-element-113f4186 elementor-widget elementor-widget-wpzoom-elementor-addons-slider\" data-id=\"113f4186\" data-element_type=\"widget\" data-settings=\"{&quot;center&quot;:&quot;yes&quot;,&quot;animation_speed&quot;:300,&quot;autoplay&quot;:&quot;yes&quot;,&quot;autoplay_speed&quot;:3000,&quot;loop&quot;:&quot;yes&quot;,&quot;slides_to_show&quot;:1,&quot;slides_to_show_tablet&quot;:1,&quot;slides_to_show_mobile&quot;:1,&quot;navigation&quot;:&quot;arrow&quot;}\" data-widget_type=\"wpzoom-elementor-addons-slider.default\">\n\t\t\t\t<div class=\"elementor-widget-container\">\n\t\t\t<div class=\"wpzjs-slick wpz-slick wpz-slick--slider\">\n\n\t\t\t\n\t\t\t\t<div class=\"wpz-slick-slide\">\n\n\t\t\t\t\t<a class=\"wpz-slick-item\" href=\"https:\/\/commons.wikimedia.org\/wiki\/File:Loreleyblick_Maria_Ruh_2020.jpg\">\n\n\t\t\t\t\t\t\t\t\t\t\t\t\t<img decoding=\"async\" class=\"wpz-slick-img\" src=\"https:\/\/upload.wikimedia.org\/wikipedia\/commons\/thumb\/3\/31\/Loreleyblick_Maria_Ruh_2020.jpg\/1024px-Loreleyblick_Maria_Ruh_2020.jpg\" alt=\"Loreley (Ausgangsort)\">\n\t\t\t\t\t\t\n\t\t\t\t\t\t\n\t\t\t\t\t\t\t\t\t\t\t\t\t<div class=\"wpz-slick-content\">\n\t\t\t\t\t\t\t\t\t\t\t\t\t\t\t\t\t<h2 class=\"wpz-slick-title\">Loreley (Ausgangsort)<\/h2>\n\t\t\t\t\t\t\t\t\t\t\t\t\t\t\t\t\t\t\t\t\t\t\t\t\t<p class=\"wpz-slick-subtitle\">J\u00f6rg Braukmann, CC BY-SA 4.0, via Wikimedia Commons<\/p>\n\t\t\t\t\t\t\t\t\t\t\t\t\t\t\t<\/div>\n\t\t\t\t\t\t\n\t\t\t\t\t<\/a>\n\n\t\t\t\t<\/div>\n\n\t\t\t\n\t\t\t\t<div class=\"wpz-slick-slide\">\n\n\t\t\t\t\t<a class=\"wpz-slick-item\" href=\"https:\/\/commons.wikimedia.org\/wiki\/File:Boppard_Stadszicht_vanuit_het_noorden_1.jpg\">\n\n\t\t\t\t\t\t\t\t\t\t\t\t\t<img decoding=\"async\" class=\"wpz-slick-img\" src=\"https:\/\/upload.wikimedia.org\/wikipedia\/commons\/0\/04\/Boppard_Stadszicht_vanuit_het_noorden_1.jpg\" alt=\"Stadt Boppard (16 km)\">\n\t\t\t\t\t\t\n\t\t\t\t\t\t\n\t\t\t\t\t\t\t\t\t\t\t\t\t<div class=\"wpz-slick-content\">\n\t\t\t\t\t\t\t\t\t\t\t\t\t\t\t\t\t<h2 class=\"wpz-slick-title\">Stadt Boppard (16 km)<\/h2>\n\t\t\t\t\t\t\t\t\t\t\t\t\t\t\t\t\t\t\t\t\t\t\t\t\t<p class=\"wpz-slick-subtitle\">RomkeHoekstra, CC BY-SA 4.0, via Wikimedia Commons<\/p>\n\t\t\t\t\t\t\t\t\t\t\t\t\t\t\t<\/div>\n\t\t\t\t\t\t\n\t\t\t\t\t<\/a>\n\n\t\t\t\t<\/div>\n\n\t\t\t\n\t\t\t\t<div class=\"wpz-slick-slide\">\n\n\t\t\t\t\t<div class=\"wpz-slick-item\">\n\n\t\t\t\t\t\t\t\t\t\t\t\t\t<img decoding=\"async\" class=\"wpz-slick-img\" src=\"https:\/\/babu.valo139.net\/wp-content\/uploads\/2023\/11\/70221062745__D6B732C0-5C51-4BA4-807A-F707DD03F63C-768x576.jpeg\" alt=\"Stadt Koblenz (36 km), Einkauf\">\n\t\t\t\t\t\t\n\t\t\t\t\t\t\n\t\t\t\t\t\t\t\t\t\t\t\t\t<div class=\"wpz-slick-content\">\n\t\t\t\t\t\t\t\t\t\t\t\t\t\t\t\t\t<h2 class=\"wpz-slick-title\">Stadt Koblenz (36 km), Einkauf<\/h2>\n\t\t\t\t\t\t\t\t\t\t\t\t\t\t\t\t\t\t\t\t\t\t\t\t\t<p class=\"wpz-slick-subtitle\">Selbstgemacht<\/p>\n\t\t\t\t\t\t\t\t\t\t\t\t\t\t\t<\/div>\n\t\t\t\t\t\t\n\t\t\t\t\t<\/div>\n\n\t\t\t\t<\/div>\n\n\t\t\t\n\t\t\t\t<div class=\"wpz-slick-slide\">\n\n\t\t\t\t\t<a class=\"wpz-slick-item\" href=\"https:\/\/commons.wikimedia.org\/wiki\/File:Ro%C3%9Fbacher_H%C3%A4ubchen.jpg\">\n\n\t\t\t\t\t\t\t\t\t\t\t\t\t<img decoding=\"async\" class=\"wpz-slick-img\" src=\"https:\/\/upload.wikimedia.org\/wikipedia\/commons\/3\/31\/Ro%C3%9Fbacher_H%C3%A4ubchen.jpg\" alt=\"Naturpark Rhein-Westerwald (56 km \u2013 87 km)\">\n\t\t\t\t\t\t\n\t\t\t\t\t\t\n\t\t\t\t\t\t\t\t\t\t\t\t\t<div class=\"wpz-slick-content\">\n\t\t\t\t\t\t\t\t\t\t\t\t\t\t\t\t\t<h2 class=\"wpz-slick-title\">Naturpark Rhein-Westerwald (56 km \u2013 87 km)<\/h2>\n\t\t\t\t\t\t\t\t\t\t\t\t\t\t\t\t\t\t\t\t\t\t\t\t\t<p class=\"wpz-slick-subtitle\">De.Update, CC BY-SA 3.0, via Wikimedia Commons<\/p>\n\t\t\t\t\t\t\t\t\t\t\t\t\t\t\t<\/div>\n\t\t\t\t\t\t\n\t\t\t\t\t<\/a>\n\n\t\t\t\t<\/div>\n\n\t\t\t\n\t\t\t\t<div class=\"wpz-slick-slide\">\n\n\t\t\t\t\t<div class=\"wpz-slick-item\">\n\n\t\t\t\t\t\t\t\t\t\t\t\t\t<img decoding=\"async\" class=\"wpz-slick-img\" src=\"https:\/\/babu.valo139.net\/wp-content\/uploads\/2023\/11\/IMG_5917-768x432.jpeg\" alt=\"Stadt Bonn (100 km)\">\n\t\t\t\t\t\t\n\t\t\t\t\t\t\n\t\t\t\t\t\t\t\t\t\t\t\t\t<div class=\"wpz-slick-content\">\n\t\t\t\t\t\t\t\t\t\t\t\t\t\t\t\t\t<h2 class=\"wpz-slick-title\">Stadt Bonn (100 km)<\/h2>\n\t\t\t\t\t\t\t\t\t\t\t\t\t\t\t\t\t\t\t\t\t\t\t\t\t<p class=\"wpz-slick-subtitle\">Selbstgemacht<\/p>\n\t\t\t\t\t\t\t\t\t\t\t\t\t\t\t<\/div>\n\t\t\t\t\t\t\n\t\t\t\t\t<\/div>\n\n\t\t\t\t<\/div>\n\n\t\t\t\n\t\t\t\t<div class=\"wpz-slick-slide\">\n\n\t\t\t\t\t<div class=\"wpz-slick-item\">\n\n\t\t\t\t\t\t\t\t\t\t\t\t\t<img decoding=\"async\" class=\"wpz-slick-img\" src=\"https:\/\/babu.valo139.net\/wp-content\/uploads\/2023\/11\/IMG_5934-e1701008751701-768x433.jpeg\" alt=\"K\u00f6ln-Poll (Zielort)\">\n\t\t\t\t\t\t\n\t\t\t\t\t\t\n\t\t\t\t\t\t\t\t\t\t\t\t\t<div class=\"wpz-slick-content\">\n\t\t\t\t\t\t\t\t\t\t\t\t\t\t\t\t\t<h2 class=\"wpz-slick-title\">K\u00f6ln-Poll (Zielort)<\/h2>\n\t\t\t\t\t\t\t\t\t\t\t\t\t\t\t\t\t\t\t\t\t\t\t\t\t<p class=\"wpz-slick-subtitle\">Selbstgemacht<\/p>\n\t\t\t\t\t\t\t\t\t\t\t\t\t\t\t<\/div>\n\t\t\t\t\t\t\n\t\t\t\t\t<\/div>\n\n\t\t\t\t<\/div>\n\n\t\t\t\n\t\t<\/div>\n\n\t\t\t\t\t<button type=\"button\" class=\"slick-prev\"><i aria-hidden=\"true\" class=\"fas fa-chevron-left\"><\/i><\/button>\n\t\t\n\t\t\t\t\t<button type=\"button\" class=\"slick-next\"><i aria-hidden=\"true\" class=\"fas fa-chevron-right\"><\/i><\/button>\n\t\t\n\t\t\t\t<\/div>\n\t\t\t\t<\/div>\n\t\t\t\t<div class=\"elementor-element elementor-element-6649545e elementor-widget__width-auto elementor-absolute elementor-widget-tablet__width-inherit elementor-hidden-mobile elementor-hidden-tablet elementor-view-default elementor-invisible elementor-widget elementor-widget-icon\" data-id=\"6649545e\" data-element_type=\"widget\" data-settings=\"{&quot;_position&quot;:&quot;absolute&quot;,&quot;_animation&quot;:&quot;swing&quot;,&quot;_animation_delay&quot;:&quot;800&quot;}\" data-widget_type=\"icon.default\">\n\t\t\t\t<div class=\"elementor-widget-container\">\n\t\t\t\t\t<div class=\"elementor-icon-wrapper\">\n\t\t\t<div class=\"elementor-icon\">\n\t\t\t<svg xmlns=\"http:\/\/www.w3.org\/2000\/svg\" id=\"a6527dbf-c28c-469c-8032-4cbb28df09f4\" data-name=\"Layer 1\" width=\"164.1442\" height=\"208.841\" viewBox=\"0 0 164.1442 208.841\"><path d=\"M163.8182,86.7187c-1.123-9.026-4.734-18.137-11.365-28.674a137.3861,137.3861,0,0,0-16.996-21.756,139.8727,139.8727,0,0,0-44.848-31.348c-4.272-1.856-8.571-3.488-12.776-4.849A1.7805,1.7805,0,0,0,77.2922,0a1.5,1.5,0,0,0-1.386,1.402,1.6159,1.6159,0,0,0,1.121,1.894,135.7621,135.7621,0,0,1,45.52,25.376c14.595,12.362,26.035,26.865,33.083,41.94,4.428,9.472,6.05,18.593,4.821,27.11a48.3336,48.3336,0,0,1-10.274,23.161c-10.359,12.77-26.913,20.095-45.418,20.096-.939,0-1.875-.019-2.814-.058-1.245-.05-2.555-.148-4.122-.304l-1.025-.103.452-1.506c.149-.49.298-.981.432-1.477,5.181-19.159,2.709-39.195-6.616-53.594-4.995-7.714-11.673-13.343-19.313-16.279a35.3655,35.3655,0,0,0-12.536-2.377,27.0515,27.0515,0,0,0-10.092,1.842A22.6342,22.6342,0,0,0,34.9232,84.98c-1.441,9.809,2.389,18.881,5.857,24.765,4.221,7.162,10.646,13.851,19.097,19.879a80.3535,80.3535,0,0,0,25.655,12.086c1.801.481,3.731.907,5.9,1.304l1.01.185-.371.959a74.9138,74.9138,0,0,1-18.442,27.486,74.7681,74.7681,0,0,1-48.695,19.725c-.644.016-1.29.025-1.934.025a71.3058,71.3058,0,0,1-10.742-.801l-2.731-.418,2.493-1.19a40.4867,40.4867,0,0,0,10.146-6.881,1.327,1.327,0,0,0,.406-1.549,1.9367,1.9367,0,0,0-1.697-1.203,1.57,1.57,0,0,0-1.086.462,36.955,36.955,0,0,1-18.676,9.244,1.5848,1.5848,0,0,0-1.099,1.453,1.3769,1.3769,0,0,0,.686,1.497c7.097,3.043,15.93,6.83,17.174,15.744.09.642.935,1.089,1.639,1.089a1.3811,1.3811,0,0,0,.369-.046c1.276-.351,1.187-1.725,1.13-2.137-.587-4.198-2.808-7.777-6.789-10.941l-2.287-1.817,2.905.306a78.59,78.59,0,0,0,50.514-11.963,77.2971,77.2971,0,0,0,30.154-37.925l.231-.625.663.077a75.6692,75.6692,0,0,0,8.574.494h.002c13.673,0,26.257-3.716,36.392-10.745C157.1812,122.5527,165.9912,104.1827,163.8182,86.7187Zm-70.08,52.62-.221.713-.736-.127a76.7778,76.7778,0,0,1-39.685-20.157c-6.793-6.531-11.403-13.652-13.7-21.163-1.528-5.001-3.231-14.534,2.543-22.191,4.905-6.505,11.983-7.871,17.057-7.871a33.912,33.912,0,0,1,21.817,8.354c11.904,10.721,17.833,28.736,15.864,48.191A72.7908,72.7908,0,0,1,93.7382,139.3387Z\" transform=\"translate(-0.0005 0.0003)\" style=\"fill-rule:evenodd\"><\/path><\/svg>\t\t\t<\/div>\n\t\t<\/div>\n\t\t\t\t<\/div>\n\t\t\t\t<\/div>\n\t\t\t\t\t<\/div>\n\t\t<\/div>\n\t\t\t\t\t<\/div>\n\t\t<\/section>\n\t\t\t\t<section class=\"elementor-section elementor-top-section elementor-element elementor-element-3003e80 elementor-section-boxed elementor-section-height-default elementor-section-height-default\" data-id=\"3003e80\" data-element_type=\"section\">\n\t\t\t\t\t\t<div class=\"elementor-container elementor-column-gap-default\">\n\t\t\t\t\t<div class=\"elementor-column elementor-col-50 elementor-top-column elementor-element elementor-element-7e464dd\" data-id=\"7e464dd\" data-element_type=\"column\">\n\t\t\t<div class=\"elementor-widget-wrap elementor-element-populated\">\n\t\t\t\t\t\t<div class=\"elementor-element elementor-element-a7d2e9d elementor-align-left elementor-widget elementor-widget-button\" data-id=\"a7d2e9d\" data-element_type=\"widget\" data-widget_type=\"button.default\">\n\t\t\t\t<div class=\"elementor-widget-container\">\n\t\t\t\t\t<div class=\"elementor-button-wrapper\">\n\t\t\t<a class=\"elementor-button elementor-button-link elementor-size-md\" href=\"https:\/\/babu.valo139.net\/?page_id=344\">\n\t\t\t\t\t\t<span class=\"elementor-button-content-wrapper\">\n\t\t\t\t\t\t<span class=\"elementor-button-icon elementor-align-icon-left\">\n\t\t\t\t<i aria-hidden=\"true\" class=\"fas fa-arrow-left\"><\/i>\t\t\t<\/span>\n\t\t\t\t\t\t\t\t\t<span class=\"elementor-button-text\">Zur\u00fcck<\/span>\n\t\t\t\t\t<\/span>\n\t\t\t\t\t<\/a>\n\t\t<\/div>\n\t\t\t\t<\/div>\n\t\t\t\t<\/div>\n\t\t\t\t\t<\/div>\n\t\t<\/div>\n\t\t\t\t<div class=\"elementor-column elementor-col-50 elementor-top-column elementor-element elementor-element-9768618\" data-id=\"9768618\" data-element_type=\"column\">\n\t\t\t<div class=\"elementor-widget-wrap elementor-element-populated\">\n\t\t\t\t\t\t<div class=\"elementor-element elementor-element-98688f3 elementor-align-right elementor-widget elementor-widget-button\" data-id=\"98688f3\" data-element_type=\"widget\" data-widget_type=\"button.default\">\n\t\t\t\t<div class=\"elementor-widget-container\">\n\t\t\t\t\t<div class=\"elementor-button-wrapper\">\n\t\t\t<a class=\"elementor-button elementor-button-link elementor-size-md\" href=\"https:\/\/babu.valo139.net\/?page_id=695\">\n\t\t\t\t\t\t<span class=\"elementor-button-content-wrapper\">\n\t\t\t\t\t\t<span class=\"elementor-button-icon elementor-align-icon-right\">\n\t\t\t\t<i aria-hidden=\"true\" class=\"fas fa-arrow-right\"><\/i>\t\t\t<\/span>\n\t\t\t\t\t\t\t\t\t<span class=\"elementor-button-text\">Weiter<\/span>\n\t\t\t\t\t<\/span>\n\t\t\t\t\t<\/a>\n\t\t<\/div>\n\t\t\t\t<\/div>\n\t\t\t\t<\/div>\n\t\t\t\t\t<\/div>\n\t\t<\/div>\n\t\t\t\t\t<\/div>\n\t\t<\/section>\n\t\t\t\t<\/div>\n\t\t","protected":false},"excerpt":{"rendered":"<p>Etappe 4 Wir folgen weiter dem Mittelrheintal und seinen Ausl\u00e4ufern bis nach Bonn. In dieser Etappe fahren wir fast durchg\u00e4ngig an sch\u00f6nen Rheinpromenaden. Nach Bonn geht es teils am Rhein, teils \u00fcber Felder bis zum Camping Stadt K\u00f6ln bei K\u00f6ln. Hier machen wir eine Verschnaufpause. Bildergalerie Loreley (Ausgangsort) J\u00f6rg Braukmann, CC BY-SA 4.0, via Wikimedia [&hellip;]<\/p>\n","protected":false},"author":1,"featured_media":0,"parent":0,"menu_order":0,"comment_status":"closed","ping_status":"closed","template":"","meta":{"footnotes":""},"class_list":["post-350","page","type-page","status-publish","hentry"],"yoast_head":"<!-- This site is optimized with the Yoast SEO plugin v20.3 - https:\/\/yoast.com\/wordpress\/plugins\/seo\/ -->\n<title>Etappe 4 &ndash; BaBu<\/title>\n<meta name=\"robots\" content=\"index, follow, max-snippet:-1, max-image-preview:large, max-video-preview:-1\" \/>\n<link rel=\"canonical\" href=\"https:\/\/babu.valo139.net\/?page_id=350\" \/>\n<meta property=\"og:locale\" content=\"de_DE\" \/>\n<meta property=\"og:type\" content=\"article\" \/>\n<meta property=\"og:title\" content=\"Etappe 4 &ndash; BaBu\" \/>\n<meta property=\"og:description\" content=\"Etappe 4 Wir folgen weiter dem Mittelrheintal und seinen Ausl\u00e4ufern bis nach Bonn. In dieser Etappe fahren wir fast durchg\u00e4ngig an sch\u00f6nen Rheinpromenaden. Nach Bonn geht es teils am Rhein, teils \u00fcber Felder bis zum Camping Stadt K\u00f6ln bei K\u00f6ln. Hier machen wir eine Verschnaufpause. Bildergalerie Loreley (Ausgangsort) J\u00f6rg Braukmann, CC BY-SA 4.0, via Wikimedia [&hellip;]\" \/>\n<meta property=\"og:url\" content=\"https:\/\/babu.valo139.net\/?page_id=350\" \/>\n<meta property=\"og:site_name\" content=\"BaBu\" \/>\n<meta property=\"article:modified_time\" content=\"2023-11-26T14:26:29+00:00\" \/>\n<meta property=\"og:image\" content=\"https:\/\/upload.wikimedia.org\/wikipedia\/commons\/thumb\/3\/31\/Loreleyblick_Maria_Ruh_2020.jpg\/1024px-Loreleyblick_Maria_Ruh_2020.jpg\" \/>\n<meta name=\"twitter:card\" content=\"summary_large_image\" \/>\n<meta name=\"twitter:label1\" content=\"Est. reading time\" \/>\n\t<meta name=\"twitter:data1\" content=\"4\u00a0Minuten\" \/>\n<script type=\"application\/ld+json\" class=\"yoast-schema-graph\">{\"@context\":\"https:\/\/schema.org\",\"@graph\":[{\"@type\":\"WebPage\",\"@id\":\"https:\/\/babu.valo139.net\/?page_id=350\",\"url\":\"https:\/\/babu.valo139.net\/?page_id=350\",\"name\":\"Etappe 4 &ndash; BaBu\",\"isPartOf\":{\"@id\":\"https:\/\/babu.valo139.net\/#website\"},\"datePublished\":\"2023-02-06T22:19:49+00:00\",\"dateModified\":\"2023-11-26T14:26:29+00:00\",\"breadcrumb\":{\"@id\":\"https:\/\/babu.valo139.net\/?page_id=350#breadcrumb\"},\"inLanguage\":\"de-CH\",\"potentialAction\":[{\"@type\":\"ReadAction\",\"target\":[\"https:\/\/babu.valo139.net\/?page_id=350\"]}]},{\"@type\":\"BreadcrumbList\",\"@id\":\"https:\/\/babu.valo139.net\/?page_id=350#breadcrumb\",\"itemListElement\":[{\"@type\":\"ListItem\",\"position\":1,\"name\":\"Startseite\",\"item\":\"https:\/\/babu.valo139.net\/\"},{\"@type\":\"ListItem\",\"position\":2,\"name\":\"Etappe 4\"}]},{\"@type\":\"WebSite\",\"@id\":\"https:\/\/babu.valo139.net\/#website\",\"url\":\"https:\/\/babu.valo139.net\/\",\"name\":\"BaBu\",\"description\":\"Velotour: Basel \u2013 Bunde\",\"publisher\":{\"@id\":\"https:\/\/babu.valo139.net\/#organization\"},\"potentialAction\":[{\"@type\":\"SearchAction\",\"target\":{\"@type\":\"EntryPoint\",\"urlTemplate\":\"https:\/\/babu.valo139.net\/?s={search_term_string}\"},\"query-input\":\"required name=search_term_string\"}],\"inLanguage\":\"de-CH\"},{\"@type\":\"Organization\",\"@id\":\"https:\/\/babu.valo139.net\/#organization\",\"name\":\"BaBu\",\"url\":\"https:\/\/babu.valo139.net\/\",\"logo\":{\"@type\":\"ImageObject\",\"inLanguage\":\"de-CH\",\"@id\":\"https:\/\/babu.valo139.net\/#\/schema\/logo\/image\/\",\"url\":\"https:\/\/babu.valo139.net\/wp-content\/uploads\/2023\/02\/BaBu.svg\",\"contentUrl\":\"https:\/\/babu.valo139.net\/wp-content\/uploads\/2023\/02\/BaBu.svg\",\"width\":483,\"height\":638,\"caption\":\"BaBu\"},\"image\":{\"@id\":\"https:\/\/babu.valo139.net\/#\/schema\/logo\/image\/\"},\"sameAs\":[\"https:\/\/youtube.com\/@miguelslaebe\"]}]}<\/script>\n<!-- \/ Yoast SEO plugin. -->","yoast_head_json":{"title":"Etappe 4 &ndash; BaBu","robots":{"index":"index","follow":"follow","max-snippet":"max-snippet:-1","max-image-preview":"max-image-preview:large","max-video-preview":"max-video-preview:-1"},"canonical":"https:\/\/babu.valo139.net\/?page_id=350","og_locale":"de_DE","og_type":"article","og_title":"Etappe 4 &ndash; BaBu","og_description":"Etappe 4 Wir folgen weiter dem Mittelrheintal und seinen Ausl\u00e4ufern bis nach Bonn. In dieser Etappe fahren wir fast durchg\u00e4ngig an sch\u00f6nen Rheinpromenaden. Nach Bonn geht es teils am Rhein, teils \u00fcber Felder bis zum Camping Stadt K\u00f6ln bei K\u00f6ln. Hier machen wir eine Verschnaufpause. Bildergalerie Loreley (Ausgangsort) J\u00f6rg Braukmann, CC BY-SA 4.0, via Wikimedia [&hellip;]","og_url":"https:\/\/babu.valo139.net\/?page_id=350","og_site_name":"BaBu","article_modified_time":"2023-11-26T14:26:29+00:00","og_image":[{"url":"https:\/\/upload.wikimedia.org\/wikipedia\/commons\/thumb\/3\/31\/Loreleyblick_Maria_Ruh_2020.jpg\/1024px-Loreleyblick_Maria_Ruh_2020.jpg"}],"twitter_card":"summary_large_image","twitter_misc":{"Est. reading time":"4\u00a0Minuten"},"schema":{"@context":"https:\/\/schema.org","@graph":[{"@type":"WebPage","@id":"https:\/\/babu.valo139.net\/?page_id=350","url":"https:\/\/babu.valo139.net\/?page_id=350","name":"Etappe 4 &ndash; BaBu","isPartOf":{"@id":"https:\/\/babu.valo139.net\/#website"},"datePublished":"2023-02-06T22:19:49+00:00","dateModified":"2023-11-26T14:26:29+00:00","breadcrumb":{"@id":"https:\/\/babu.valo139.net\/?page_id=350#breadcrumb"},"inLanguage":"de-CH","potentialAction":[{"@type":"ReadAction","target":["https:\/\/babu.valo139.net\/?page_id=350"]}]},{"@type":"BreadcrumbList","@id":"https:\/\/babu.valo139.net\/?page_id=350#breadcrumb","itemListElement":[{"@type":"ListItem","position":1,"name":"Startseite","item":"https:\/\/babu.valo139.net\/"},{"@type":"ListItem","position":2,"name":"Etappe 4"}]},{"@type":"WebSite","@id":"https:\/\/babu.valo139.net\/#website","url":"https:\/\/babu.valo139.net\/","name":"BaBu","description":"Velotour: Basel \u2013 Bunde","publisher":{"@id":"https:\/\/babu.valo139.net\/#organization"},"potentialAction":[{"@type":"SearchAction","target":{"@type":"EntryPoint","urlTemplate":"https:\/\/babu.valo139.net\/?s={search_term_string}"},"query-input":"required name=search_term_string"}],"inLanguage":"de-CH"},{"@type":"Organization","@id":"https:\/\/babu.valo139.net\/#organization","name":"BaBu","url":"https:\/\/babu.valo139.net\/","logo":{"@type":"ImageObject","inLanguage":"de-CH","@id":"https:\/\/babu.valo139.net\/#\/schema\/logo\/image\/","url":"https:\/\/babu.valo139.net\/wp-content\/uploads\/2023\/02\/BaBu.svg","contentUrl":"https:\/\/babu.valo139.net\/wp-content\/uploads\/2023\/02\/BaBu.svg","width":483,"height":638,"caption":"BaBu"},"image":{"@id":"https:\/\/babu.valo139.net\/#\/schema\/logo\/image\/"},"sameAs":["https:\/\/youtube.com\/@miguelslaebe"]}]}},"featured_media_urls":[],"_links":{"self":[{"href":"https:\/\/babu.valo139.net\/index.php?rest_route=\/wp\/v2\/pages\/350","targetHints":{"allow":["GET"]}}],"collection":[{"href":"https:\/\/babu.valo139.net\/index.php?rest_route=\/wp\/v2\/pages"}],"about":[{"href":"https:\/\/babu.valo139.net\/index.php?rest_route=\/wp\/v2\/types\/page"}],"author":[{"embeddable":true,"href":"https:\/\/babu.valo139.net\/index.php?rest_route=\/wp\/v2\/users\/1"}],"replies":[{"embeddable":true,"href":"https:\/\/babu.valo139.net\/index.php?rest_route=%2Fwp%2Fv2%2Fcomments&post=350"}],"version-history":[{"count":28,"href":"https:\/\/babu.valo139.net\/index.php?rest_route=\/wp\/v2\/pages\/350\/revisions"}],"predecessor-version":[{"id":1241,"href":"https:\/\/babu.valo139.net\/index.php?rest_route=\/wp\/v2\/pages\/350\/revisions\/1241"}],"wp:attachment":[{"href":"https:\/\/babu.valo139.net\/index.php?rest_route=%2Fwp%2Fv2%2Fmedia&parent=350"}],"curies":[{"name":"wp","href":"https:\/\/api.w.org\/{rel}","templated":true}]}}